{"id":909,"date":"2016-11-27T16:43:21","date_gmt":"2016-11-27T15:43:21","guid":{"rendered":"http:\/\/duul.cz\/kde-nas-najdete\/"},"modified":"2022-12-10T23:38:41","modified_gmt":"2022-12-10T22:38:41","slug":"where-to-find-us","status":"publish","type":"page","link":"https:\/\/legacy.duul.cz\/en\/where-to-find-us\/","title":{"rendered":"Where to find us"},"content":{"rendered":"<div id=\"pl-909\"  class=\"panel-layout\" ><div id=\"pg-909-0\"  class=\"panel-grid panel-no-style\" ><div id=\"pgc-909-0-0\"  class=\"panel-grid-cell\" ><div id=\"panel-909-0-0-0\" class=\"so-panel widget widget_sow-editor panel-first-child panel-last-child\" data-index=\"0\" ><div\n\t\t\t\n\t\t\tclass=\"so-widget-sow-editor so-widget-sow-editor-base\"\n\t\t\t\n\t\t>\n<div class=\"siteorigin-widget-tinymce textwidget\">\n\t<p><!--nextpage-->Address:<br \/>\n\u00dast\u00ed nad Labem House of Arts<br \/>\nFaculty of Art and Design<br \/>\nJan Evangelista Purkyn\u011b University in \u00dast\u00ed nad Labem<br \/>\n(D\u016fm um\u011bn\u00ed \u00dast\u00ed nad Labem)<\/p>\n<p><strong>Kl\u00ed\u0161sk\u00e1 1101\/129a<\/strong><br \/>\n<strong>400 01 \u00dast\u00ed nad Labem<br \/>\nCzech Republic<\/strong><\/p>\n<p>next to the college<br \/>\ndormitory K1, K2<br \/>\nthe trolley \/ bus stop<br \/>\nKl\u00ed\u0161e l\u00e1zn\u011b<\/p>\n<p><strong>OPENING HOURS:<\/strong><br \/>\nTuesday \/ Wednesday \/ Thursday 10 am - 6 pm<br \/>\nFriday \/ Saturday 10 am - 5 pm<\/p>\n<p>(Gallery is closed in the days of national holiday)<\/p>\n<div>e\/\u00a0<a target=\"_blank\" rel=\"noopener\">duul@ujep.cz<\/a><br \/>\nf\/\u00a0<a href=\"https:\/\/www.facebook.com\/DumumeniUL\/\" target=\"_blank\" rel=\"noopener\">D\u016fm um\u011bn\u00ed \u00dast\u00ed nad Labem<\/a><br \/>\nig\/<a href=\"https:\/\/www.instagram.com\/dum_umeni\/\" target=\"_blank\" rel=\"noopener\">@dum_umeni<\/a><br \/>\n<strong>p\/\u00a0+420\u00a0702\u00a0217\u00a0042<br \/>\n<\/strong>p\/ +420 475 285 188<\/div>\n<\/div>\n<\/div><\/div><\/div><div id=\"pgc-909-0-1\"  class=\"panel-grid-cell\" ><div id=\"panel-909-0-1-0\" class=\"so-panel widget widget_sow-editor panel-first-child\" data-index=\"1\" ><div\n\t\t\t\n\t\t\tclass=\"so-widget-sow-editor so-widget-sow-editor-base\"\n\t\t\t\n\t\t>\n<div class=\"siteorigin-widget-tinymce textwidget\">\n\t<p><iframe loading=\"lazy\" src=\"https:\/\/www.google.com\/maps\/embed?pb=!1m16!1m10!1m3!1d2528.865766493135!2d14.013397!3d50.6667528!2m1!3f0!3m2!1i1024!2i768!4f13.1!3m3!1m2!1s0x470984cc87a8e8f7%3A0x71e4788d97f05583!2zRMWvbSB1bcSbbsOtIMOac3TDrSBuYWQgTGFiZW0gRmFrdWx0eSB1bcSbbsOtIGEgZGVzaWdudSBVbml2ZXJ6aXR5IEphbmEgRXZhbmdlbGlzdHkgUHVya3luxJs!5e0!3m2!1scs!2scz!4v1480360416696\" width=\"100%\" height=\"420\" frameborder=\"0\" style=\"border:0\" allowfullscreen><\/iframe><\/p>\n<\/div>\n<\/div><\/div><div id=\"panel-909-0-1-1\" class=\"so-panel widget widget_sow-editor panel-last-child\" data-index=\"2\" ><div\n\t\t\t\n\t\t\tclass=\"so-widget-sow-editor so-widget-sow-editor-base\"\n\t\t\t\n\t\t>\n<div class=\"siteorigin-widget-tinymce textwidget\">\n\t<p>New address see map:\u00a0<a href=\"https:\/\/mapy.cz\/s\/jefotavuzo\" target=\"_blank\" rel=\"noopener\">https:\/\/mapy.cz\/s\/jefotavuzo<\/a><\/p>\n<p><img loading=\"lazy\" decoding=\"async\" class=\"alignnone size-medium wp-image-17429\" src=\"https:\/\/duul.cz\/wp\/wp-content\/uploads\/2021\/11\/2-pohled-na-duul-\u2013-vstupni-rampa-413x188.jpg\" alt=\"\" width=\"413\" height=\"188\" \/><\/p>\n<\/div>\n<\/div><\/div><\/div><\/div><\/div>","protected":false},"excerpt":{"rendered":"<p>Address: \u00dast\u00ed nad Labem House of Arts Faculty of Art and Design Jan Evangelista Purkyn\u011b University in \u00dast\u00ed nad Labem (D\u016fm um\u011bn\u00ed \u00dast\u00ed nad Labem) Kl\u00ed\u0161sk\u00e1 1101\/129a 400 01 \u00dast\u00ed nad Labem Czech Republic next to the college dormitory K1, K2 the trolley \/ bus stop Kl\u00ed\u0161e l\u00e1zn\u011b OPENING HOURS: Tuesday \/ Wednesday \/ Thursday [&hellip;]<\/p>\n","protected":false},"author":2,"featured_media":0,"parent":0,"menu_order":0,"comment_status":"closed","ping_status":"closed","template":"","meta":{"footnotes":""},"class_list":["post-909","page","type-page","status-publish","hentry"],"acf":[],"_links":{"self":[{"href":"https:\/\/legacy.duul.cz\/en\/wp-json\/wp\/v2\/pages\/909","targetHints":{"allow":["GET"]}}],"collection":[{"href":"https:\/\/legacy.duul.cz\/en\/wp-json\/wp\/v2\/pages"}],"about":[{"href":"https:\/\/legacy.duul.cz\/en\/wp-json\/wp\/v2\/types\/page"}],"author":[{"embeddable":true,"href":"https:\/\/legacy.duul.cz\/en\/wp-json\/wp\/v2\/users\/2"}],"replies":[{"embeddable":true,"href":"https:\/\/legacy.duul.cz\/en\/wp-json\/wp\/v2\/comments?post=909"}],"version-history":[{"count":2,"href":"https:\/\/legacy.duul.cz\/en\/wp-json\/wp\/v2\/pages\/909\/revisions"}],"predecessor-version":[{"id":21626,"href":"https:\/\/legacy.duul.cz\/en\/wp-json\/wp\/v2\/pages\/909\/revisions\/21626"}],"wp:attachment":[{"href":"https:\/\/legacy.duul.cz\/en\/wp-json\/wp\/v2\/media?parent=909"}],"curies":[{"name":"wp","href":"https:\/\/api.w.org\/{rel}","templated":true}]}}