{"id":913,"date":"2016-11-27T16:26:48","date_gmt":"2016-11-27T15:26:48","guid":{"rendered":"http:\/\/duul.cz\/lide\/"},"modified":"2023-12-29T11:41:33","modified_gmt":"2023-12-29T10:41:33","slug":"people","status":"publish","type":"page","link":"https:\/\/legacy.duul.cz\/en\/people\/","title":{"rendered":"People"},"content":{"rendered":"<div id=\"pl-913\"  class=\"panel-layout\" ><div id=\"pg-913-0\"  class=\"panel-grid panel-no-style\" ><div id=\"pgc-913-0-0\"  class=\"panel-grid-cell\" ><div id=\"panel-913-0-0-0\" class=\"so-panel widget widget_sow-editor panel-first-child panel-last-child\" data-index=\"0\" ><div\n\t\t\t\n\t\t\tclass=\"so-widget-sow-editor so-widget-sow-editor-base\"\n\t\t\t\n\t\t>\n<div class=\"siteorigin-widget-tinymce textwidget\">\n\t<p><strong>prof. Mgr. Michal Kole\u010dek, Ph.D.<\/strong><br \/>\nDirector of the \u00dast\u00ed nad Labem House of Arts<br \/>\nVice-Dean of Faculty of Art and Design<br \/>\nJan Evangelisty Purkyn\u011b University in \u00dast\u00ed nad Labem<br \/>\n\u2500 Curator of the Gallery 1 at the House of Arts<br \/>\n<strong>e\/ michal.kolecek@ujep.cz<\/strong><\/p>\n<p><strong>MgA. Ad\u00e9la Machov\u00e1, Ph.D.<\/strong><br \/>\nCurator of Gallery 3 at the \u00dast\u00ed nad Labem House of Arts<br \/>\nand Head of Department of Theory and History of Art at the Faculty of Art and Design<br \/>\nJan Evangelisty Purkyn\u011b University in \u00dast\u00ed nad Labem<br \/>\n<strong>e\/ adela.machova@ujep.cz<br \/>\n<\/strong><strong>m\/ +420 601 385 504<\/strong><\/p>\n<p>&nbsp;<\/p>\n<p>Faculty of Art and Design at\u00a0Jan Evangelisty Purkyn\u011b\u00a0University in \u00dast\u00ed nad Labem nominate the Exhibition Board for \u00dast\u00ed nad Labem House of Arts.<\/p>\n<\/div>\n<\/div><\/div><\/div><div id=\"pgc-913-0-1\"  class=\"panel-grid-cell\" ><div id=\"panel-913-0-1-0\" class=\"so-panel widget widget_sow-editor panel-first-child panel-last-child\" data-index=\"1\" ><div\n\t\t\t\n\t\t\tclass=\"so-widget-sow-editor so-widget-sow-editor-base\"\n\t\t\t\n\t\t>\n<div class=\"siteorigin-widget-tinymce textwidget\">\n\t<p><strong>MgA. Krist\u00fdna C\u00edsa\u0159ov\u00e1<\/strong><br \/>\nProduction of the \u00dast\u00ed nad Labem House of Arts<br \/>\nFaculty of Art and Design<br \/>\nJan Evangelista Purkyn\u011b University in \u00dast\u00ed nad Labem<br \/>\n<strong>\u2014<\/strong> production, PR of exhibition and accompanying programme<br \/>\n<strong>e\/ duul@ujep.cz, kristyna.cisarova@ujep.cz<\/strong><\/p>\n<p><strong>MgA. Zuzana Dole\u017eelov\u00e1<br \/>\n<\/strong>Production of the \u00dast\u00ed nad Labem House of Arts<br \/>\nFaculty of Art and Design<br \/>\nJan Evangelista Purkyn\u011b University in \u00dast\u00ed nad Labem<br \/>\n\u2014 production of exhibiton and animation programme for school and public, project management<strong><br \/>\ne\/ duul@ujep.cz, zuzana.dolezelova@ujep.cz<\/strong><\/p>\n<p><strong>BcA. Dominik Kobeda<\/strong><br \/>\nProduction of the \u00dast\u00ed nad Labem House of Arts<strong><br \/>\n<\/strong>Faculty of Art and Design<strong><br \/>\n<\/strong>Jan Evangelista Purkyn\u011b University in \u00dast\u00ed nad Labem<strong><br \/>\n<\/strong>\u2014 production of exhibiton and PR specialist<strong><br \/>\ne\/ duul@ujep.cz, kobedad@g.ujep.cz<br \/>\n<\/strong><\/p>\n<p><strong>MgA. Ad\u00e9la Bierbaumer<\/strong><br \/>\nGraphic designer in \u00dast\u00ed nad Labem House of Arts<br \/>\nFaculty of Art and Design<br \/>\nJan Evangelista Purkyn\u011b University in \u00dast\u00ed nad Labem<br \/>\n<strong>e\/ adela.bierbaumer@gmail.com<\/strong><br \/>\n<strong>p\/ +420 733 515 960<\/strong><\/p>\n<p><strong>MgA. Marek Fanta<\/strong><br \/>\nGraphic designer in \u00dast\u00ed nad Labem House of Arts<br \/>\nFaculty of Art and Design<br \/>\nJan Evangelista Purkyn\u011b University in \u00dast\u00ed nad Labem<br \/>\n<strong>\u2014<\/strong> graphic design of exhibitions, accompanying programme and PR materials<br \/>\n<strong>e\/ markfanta@gmail.com<\/strong><br \/>\n<strong>p\/ +420 775 605 654<\/strong><\/p>\n<\/div>\n<\/div><\/div><\/div><div id=\"pgc-913-0-2\"  class=\"panel-grid-cell\" ><div id=\"panel-913-0-2-0\" class=\"so-panel widget widget_sow-editor panel-first-child\" data-index=\"2\" ><div\n\t\t\t\n\t\t\tclass=\"so-widget-sow-editor so-widget-sow-editor-base\"\n\t\t\t\n\t\t>\n<div class=\"siteorigin-widget-tinymce textwidget\">\n\t<p><strong>Trainees \u2500\u00a0students of Faculty of Art and Design<br \/>\nof Jan Evangelista Purkyn\u011b University in \u00dast\u00ed nad Labem<\/strong><strong>:<\/strong><\/p>\n<p>students from Faculty of Art and Design JEPU<\/p>\n<\/div>\n<\/div><\/div><div id=\"panel-913-0-2-1\" class=\"so-panel widget widget_sow-image panel-last-child\" data-index=\"3\" ><div\n\t\t\t\n\t\t\tclass=\"so-widget-sow-image so-widget-sow-image-default-6ec9e3772f75-913\"\n\t\t\t\n\t\t><\/div><\/div><\/div><\/div><\/div>","protected":false},"excerpt":{"rendered":"<p>prof. Mgr. Michal Kole\u010dek, Ph.D. Director of the \u00dast\u00ed nad Labem House of Arts Vice-Dean of Faculty of Art and Design Jan Evangelisty Purkyn\u011b University in \u00dast\u00ed nad Labem \u2500 Curator of the Gallery 1 at the House of Arts e\/ michal.kolecek@ujep.cz MgA. Ad\u00e9la Machov\u00e1, Ph.D. Curator of Gallery 3 at the \u00dast\u00ed nad Labem [&hellip;]<\/p>\n","protected":false},"author":2,"featured_media":0,"parent":0,"menu_order":0,"comment_status":"closed","ping_status":"closed","template":"","meta":{"footnotes":""},"class_list":["post-913","page","type-page","status-publish","hentry"],"acf":[],"_links":{"self":[{"href":"https:\/\/legacy.duul.cz\/en\/wp-json\/wp\/v2\/pages\/913","targetHints":{"allow":["GET"]}}],"collection":[{"href":"https:\/\/legacy.duul.cz\/en\/wp-json\/wp\/v2\/pages"}],"about":[{"href":"https:\/\/legacy.duul.cz\/en\/wp-json\/wp\/v2\/types\/page"}],"author":[{"embeddable":true,"href":"https:\/\/legacy.duul.cz\/en\/wp-json\/wp\/v2\/users\/2"}],"replies":[{"embeddable":true,"href":"https:\/\/legacy.duul.cz\/en\/wp-json\/wp\/v2\/comments?post=913"}],"version-history":[{"count":4,"href":"https:\/\/legacy.duul.cz\/en\/wp-json\/wp\/v2\/pages\/913\/revisions"}],"predecessor-version":[{"id":24370,"href":"https:\/\/legacy.duul.cz\/en\/wp-json\/wp\/v2\/pages\/913\/revisions\/24370"}],"wp:attachment":[{"href":"https:\/\/legacy.duul.cz\/en\/wp-json\/wp\/v2\/media?parent=913"}],"curies":[{"name":"wp","href":"https:\/\/api.w.org\/{rel}","templated":true}]}}