{"id":918,"date":"2016-11-14T19:18:18","date_gmt":"2016-11-14T18:18:18","guid":{"rendered":"http:\/\/duul.cz\/partneri-a-spoluprace\/"},"modified":"2023-06-18T21:29:50","modified_gmt":"2023-06-18T20:29:50","slug":"partners-and-cooperation","status":"publish","type":"page","link":"https:\/\/legacy.duul.cz\/en\/partners-and-cooperation\/","title":{"rendered":"Partners and cooperation"},"content":{"rendered":"<div id=\"pl-918\"  class=\"panel-layout\" ><div id=\"pg-918-0\"  class=\"panel-grid panel-no-style\" ><div id=\"pgc-918-0-0\"  class=\"panel-grid-cell\" ><div id=\"panel-918-0-0-0\" class=\"so-panel widget widget_sow-editor panel-first-child panel-last-child\" data-index=\"0\" ><div\n\t\t\t\n\t\t\tclass=\"so-widget-sow-editor so-widget-sow-editor-base\"\n\t\t\t\n\t\t>\n<div class=\"siteorigin-widget-tinymce textwidget\">\n\t<p style=\"text-align: left;\"><strong>In 2023 is the exhibition programme of the \u00dast\u00ed nad Labem House of Arts with accompanying activities supported by:<\/strong><br \/>\n\u2192 Faculty of Art and Design JEPU in \u00dast\u00ed nad Labem<br \/>\n\u2192 Jan Evangelista Purkyn\u011b University in \u00dast\u00ed nad Labem<br \/>\n\u2192 Ministry of Culture Czech Republic<br \/>\n\u2192 Municipality of the Town \u00dast\u00ed nad Labem<br \/>\n\u2192 \u00dast\u00ed nad Labem Region<\/p>\n<p style=\"text-align: left;\">Thank you.<\/p>\n<\/div>\n<\/div><\/div><\/div><div id=\"pgc-918-0-1\"  class=\"panel-grid-cell\" ><div id=\"panel-918-0-1-0\" class=\"so-panel widget widget_sow-editor panel-first-child panel-last-child\" data-index=\"1\" ><div\n\t\t\t\n\t\t\tclass=\"so-widget-sow-editor so-widget-sow-editor-base\"\n\t\t\t\n\t\t>\n<div class=\"siteorigin-widget-tinymce textwidget\">\n\t<p><strong>Medial Partners of the \u00dast\u00ed nad Labem House of Arts:<\/strong><br \/>\n... we are looking for a future cooperation.<\/p>\n<p>Be a partner with us and to create a culture!<\/p>\n<\/div>\n<\/div><\/div><\/div><div id=\"pgc-918-0-2\"  class=\"panel-grid-cell\" ><div id=\"panel-918-0-2-0\" class=\"so-panel widget widget_sow-editor panel-first-child panel-last-child\" data-index=\"2\" ><div\n\t\t\t\n\t\t\tclass=\"so-widget-sow-editor so-widget-sow-editor-base\"\n\t\t\t\n\t\t>\n<div class=\"siteorigin-widget-tinymce textwidget\">\n\t<p><strong>Partnership in exhibition programme of the \u00dast\u00ed nad Labem House of Arts:<br \/>\n<\/strong>\u2192\u00a0<a href=\"http:\/\/riesa-efau.de\" target=\"_blank\" rel=\"noopener\">riese.efau.\u00a0Kultur Forum Dresden<\/a>, Dr\u00e1\u017e\u010fany, N\u011bmecko (2018-2019)<br \/>\n\u2192 <a href=\"http:\/\/www.mmsu.hr\/\" target=\"_blank\" rel=\"noopener\">Museum of Modern and Contemporary Art<\/a>, Rijeka, Chorvatsko (in 2018 and in 2022)<br \/>\n\u2192\u00a0<a href=\"http:\/\/rotor.mur.at\" target=\"_blank\" rel=\"noopener\">&lt; rotor\u00a0&gt; association for contemporary art<\/a>, Graz, Rakousko (in 2018)<\/p>\n<p>\u2192 new partners for project <a href=\"https:\/\/gardeningofsoul.com\/partners\/collaborating-institutions\/\" target=\"_blank\" rel=\"noopener\">Gardening of Soul: In Five Chapters<\/a><\/p>\n<\/div>\n<\/div><\/div><\/div><\/div><\/div>","protected":false},"excerpt":{"rendered":"<p>In 2023 is the exhibition programme of the \u00dast\u00ed nad Labem House of Arts with accompanying activities supported by: \u2192 Faculty of Art and Design JEPU in \u00dast\u00ed nad Labem \u2192 Jan Evangelista Purkyn\u011b University in \u00dast\u00ed nad Labem \u2192 Ministry of Culture Czech Republic \u2192 Municipality of the Town \u00dast\u00ed nad Labem \u2192 \u00dast\u00ed [&hellip;]<\/p>\n","protected":false},"author":1,"featured_media":0,"parent":0,"menu_order":0,"comment_status":"closed","ping_status":"closed","template":"","meta":{"footnotes":""},"class_list":["post-918","page","type-page","status-publish","hentry"],"acf":[],"_links":{"self":[{"href":"https:\/\/legacy.duul.cz\/en\/wp-json\/wp\/v2\/pages\/918","targetHints":{"allow":["GET"]}}],"collection":[{"href":"https:\/\/legacy.duul.cz\/en\/wp-json\/wp\/v2\/pages"}],"about":[{"href":"https:\/\/legacy.duul.cz\/en\/wp-json\/wp\/v2\/types\/page"}],"author":[{"embeddable":true,"href":"https:\/\/legacy.duul.cz\/en\/wp-json\/wp\/v2\/users\/1"}],"replies":[{"embeddable":true,"href":"https:\/\/legacy.duul.cz\/en\/wp-json\/wp\/v2\/comments?post=918"}],"version-history":[{"count":2,"href":"https:\/\/legacy.duul.cz\/en\/wp-json\/wp\/v2\/pages\/918\/revisions"}],"predecessor-version":[{"id":23380,"href":"https:\/\/legacy.duul.cz\/en\/wp-json\/wp\/v2\/pages\/918\/revisions\/23380"}],"wp:attachment":[{"href":"https:\/\/legacy.duul.cz\/en\/wp-json\/wp\/v2\/media?parent=918"}],"curies":[{"name":"wp","href":"https:\/\/api.w.org\/{rel}","templated":true}]}}