{"id":922,"date":"2016-11-14T19:18:05","date_gmt":"2016-11-14T18:18:05","guid":{"rendered":"http:\/\/duul.cz\/vystavni-prostory\/"},"modified":"2023-06-18T21:25:42","modified_gmt":"2023-06-18T20:25:42","slug":"exhibition-spaces","status":"publish","type":"page","link":"https:\/\/legacy.duul.cz\/en\/exhibition-spaces\/","title":{"rendered":"Information about exhibition spaces at the \u00dast\u00ed nad Labem House of Arts"},"content":{"rendered":"<div id=\"pl-922\"  class=\"panel-layout\" ><div id=\"pg-922-0\"  class=\"panel-grid panel-no-style\" ><div id=\"pgc-922-0-0\"  class=\"panel-grid-cell\" ><div id=\"panel-922-0-0-0\" class=\"so-panel widget widget_sow-editor panel-first-child\" data-index=\"0\" ><div\n\t\t\t\n\t\t\tclass=\"so-widget-sow-editor so-widget-sow-editor-base\"\n\t\t\t\n\t\t><h3 class=\"widget-title\">Gallery 1<\/h3>\n<div class=\"siteorigin-widget-tinymce textwidget\">\n\t<p>Exhibition programme of the central gallery area of the House of Arts in \u00dast\u00ed nad Labem is focused on presenting significant artists and remarkable artistic trends of present-day, primarily Central European visual art. Seven projects will be introduced every year \u2013 from solo exhibitions to thematic group presentations.<\/p>\n<p>In 2017, the framework of the exhibition programme will reflect underlying processes within a current social context, which represent changes in socio-cultural and political climate of Central Europe. These changes originate in insufficient reflection of historical context, as well as from actions formed by global environment.<\/p>\n<p>The head curator of the House of Arts in \u00dast\u00ed nad Labem is Michal Kole\u010dek, who works on realisations of individual exhibition projects in cooperation with invited freelance curators or with curators who represent not only local professional institutes, but also partner institutions, primarily foreign.<\/p>\n<p>\u2192 <a href=\"https:\/\/duul.cz\/wp\/wp-content\/uploads\/2022\/09\/new_duul-pudorys-vystavniho-prostoru.pdf\" target=\"_blank\" rel=\"noopener\">gallery scheme<\/a><\/p>\n<\/div>\n<\/div><\/div><div id=\"panel-922-0-0-1\" class=\"so-panel widget widget_sow-editor panel-last-child\" data-index=\"1\" ><div\n\t\t\t\n\t\t\tclass=\"so-widget-sow-editor so-widget-sow-editor-base\"\n\t\t\t\n\t\t>\n<div class=\"siteorigin-widget-tinymce textwidget\">\n\t<p><img loading=\"lazy\" decoding=\"async\" class=\"alignnone size-medium wp-image-348\" src=\"http:\/\/duul.cz\/wp\/wp-content\/uploads\/2016\/12\/galerie1-11x-768x513-413x276.jpg\" alt=\"galerie1-11x-768x513\" width=\"413\" height=\"276\" \/><br \/>\nGallery 1 \u2014 view to main hall<\/p>\n<p><img loading=\"lazy\" decoding=\"async\" class=\"alignnone size-medium wp-image-17444\" src=\"https:\/\/duul.cz\/wp\/wp-content\/uploads\/2021\/11\/1-pohled-na-duul-z-parkoviste-zmensena-413x179.jpg\" alt=\"\" width=\"413\" height=\"179\" \/><\/p>\n<\/div>\n<\/div><\/div><\/div><div id=\"pgc-922-0-1\"  class=\"panel-grid-cell\" ><div id=\"panel-922-0-1-0\" class=\"so-panel widget widget_sow-editor panel-first-child\" data-index=\"2\" ><div\n\t\t\t\n\t\t\tclass=\"so-widget-sow-editor so-widget-sow-editor-base\"\n\t\t\t\n\t\t><h3 class=\"widget-title\">Gallery 2<\/h3>\n<div class=\"siteorigin-widget-tinymce textwidget\">\n\t<p>The second, smaller-sized exhibition area of the House of Arts in \u00dast\u00ed nad Labem, Gallery 2, is open to presenting young contemporary art and design during the realisation of solo or small group exhibitions. The presentation in the Gallery 2 is focus on art approaches, creation process and visual thinking the artists connected to PhD studies in Czech or foreign universities.<\/p>\n<p>The main curator of the gallery Mrs. Ad\u00e9la Machov\u00e1 prepare an exhibition programme from 2017 and from 2019 also in a cooperation with another curators (Barbora H\u00e1jkov\u00e1, Krist\u00fdna H\u00e1jkov\u00e1, Kate\u0159ina Pale\u0161n\u00edkov\u00e1 etc.).<\/p>\n<p>\u2192 <a href=\"https:\/\/duul.cz\/wp\/wp-content\/uploads\/2022\/09\/new_duul-pudorys-vystavniho-prostoru.pdf\" target=\"_blank\" rel=\"noopener\">gallery scheme<\/a><\/p>\n<\/div>\n<\/div><\/div><div id=\"panel-922-0-1-1\" class=\"so-panel widget widget_sow-editor panel-last-child\" data-index=\"3\" ><div\n\t\t\t\n\t\t\tclass=\"so-widget-sow-editor so-widget-sow-editor-base\"\n\t\t\t\n\t\t>\n<div class=\"siteorigin-widget-tinymce textwidget\">\n\t<p>&nbsp;<\/p>\n<p><img loading=\"lazy\" decoding=\"async\" class=\"alignnone size-medium wp-image-151\" src=\"http:\/\/duul.cz\/wp\/wp-content\/uploads\/2016\/11\/duul_epifanie_5488-413x275.jpg\" alt=\"duul-epifanie-5488\" width=\"413\" height=\"275\" \/><br \/>\nGallery 2 \u2014 view to exhibition space<\/p>\n<\/div>\n<\/div><\/div><\/div><div id=\"pgc-922-0-2\"  class=\"panel-grid-cell\" ><div id=\"panel-922-0-2-0\" class=\"so-panel widget widget_sow-editor panel-first-child\" data-index=\"4\" ><div\n\t\t\t\n\t\t\tclass=\"so-widget-sow-editor so-widget-sow-editor-base\"\n\t\t\t\n\t\t><h3 class=\"widget-title\">Gallery 3<\/h3>\n<div class=\"siteorigin-widget-tinymce textwidget\">\n\t<p><span style=\"font-weight: 400;\">This gallery space creates a specific environment for the presentation of artists working with sound and spatial perception. The presentation here defines a sound point prepared by the author \u2014 a place where you can listen, deeply concentrate, share or resonate. The default format of listening through headphones brings both, a moment of focused perception and a certain variability in the form of site-specific creation. Works presented can come for example as sound installations, audiovisual creations or sound mapping. The program of sound interventions is dramaturgically prepared by curators Ad\u00e9la Machov\u00e1 and Jan Krti\u010dka.<\/span><\/p>\n<p>\u2192 <a href=\"https:\/\/duul.cz\/wp\/wp-content\/uploads\/2022\/09\/new_duul-pudorys-vystavniho-prostoru.pdf\" target=\"_blank\" rel=\"noopener\">gallery scheme<\/a><\/p>\n<\/div>\n<\/div><\/div><div id=\"panel-922-0-2-1\" class=\"so-panel widget widget_sow-editor panel-last-child\" data-index=\"5\" ><div\n\t\t\t\n\t\t\tclass=\"so-widget-sow-editor so-widget-sow-editor-base\"\n\t\t\t\n\t\t>\n<div class=\"siteorigin-widget-tinymce textwidget\">\n\t<p>&nbsp;<\/p>\n<p><img loading=\"lazy\" decoding=\"async\" class=\"alignnone size-medium wp-image-22199\" src=\"https:\/\/duul.cz\/wp\/wp-content\/uploads\/2023\/02\/rift-zone-lloyd-dunn-g3-web-6-413x275.jpg\" alt=\"\" width=\"413\" height=\"275\" \/><br \/>\nGallery 3 \u2014 view to exhibition space<\/p>\n<\/div>\n<\/div><\/div><\/div><\/div><\/div>","protected":false},"excerpt":{"rendered":"<p>Exhibition programme of the central gallery area of the House of Arts in \u00dast\u00ed nad Labem is focused on presenting significant artists and remarkable artistic trends of present-day, primarily Central European visual art. Seven projects will be introduced every year \u2013 from solo exhibitions to thematic group presentations. In 2017, the framework of the exhibition [&hellip;]<\/p>\n","protected":false},"author":1,"featured_media":0,"parent":0,"menu_order":0,"comment_status":"closed","ping_status":"closed","template":"","meta":{"footnotes":""},"class_list":["post-922","page","type-page","status-publish","hentry"],"acf":[],"_links":{"self":[{"href":"https:\/\/legacy.duul.cz\/en\/wp-json\/wp\/v2\/pages\/922","targetHints":{"allow":["GET"]}}],"collection":[{"href":"https:\/\/legacy.duul.cz\/en\/wp-json\/wp\/v2\/pages"}],"about":[{"href":"https:\/\/legacy.duul.cz\/en\/wp-json\/wp\/v2\/types\/page"}],"author":[{"embeddable":true,"href":"https:\/\/legacy.duul.cz\/en\/wp-json\/wp\/v2\/users\/1"}],"replies":[{"embeddable":true,"href":"https:\/\/legacy.duul.cz\/en\/wp-json\/wp\/v2\/comments?post=922"}],"version-history":[{"count":2,"href":"https:\/\/legacy.duul.cz\/en\/wp-json\/wp\/v2\/pages\/922\/revisions"}],"predecessor-version":[{"id":23379,"href":"https:\/\/legacy.duul.cz\/en\/wp-json\/wp\/v2\/pages\/922\/revisions\/23379"}],"wp:attachment":[{"href":"https:\/\/legacy.duul.cz\/en\/wp-json\/wp\/v2\/media?parent=922"}],"curies":[{"name":"wp","href":"https:\/\/api.w.org\/{rel}","templated":true}]}}